{"id":1276,"date":"2025-10-21T09:56:19","date_gmt":"2025-10-21T08:56:19","guid":{"rendered":"https:\/\/www.kafinstitute.com\/?post_type=product&#038;p=1276"},"modified":"2025-10-21T11:15:57","modified_gmt":"2025-10-21T10:15:57","slug":"kafit-online-ruckenkurs","status":"publish","type":"product","link":"https:\/\/www.kafinstitute.com\/de\/product\/kafit-online-ruckenkurs\/","title":{"rendered":"KAFit Online R\u00fcckenkurs"},"content":{"rendered":"<div style=\"width: 800px;\" class=\"wp-video\"><video class=\"wp-video-shortcode\" id=\"video-1276-1\" width=\"800\" height=\"450\" preload=\"metadata\" controls=\"controls\"><source type=\"video\/mp4\" src=\"https:\/\/dr-kaf.com\/wp-content\/uploads\/2025\/04\/KAFit-intro.mp4?_=1\" \/><a href=\"https:\/\/dr-kaf.com\/wp-content\/uploads\/2025\/04\/KAFit-intro.mp4\">https:\/\/dr-kaf.com\/wp-content\/uploads\/2025\/04\/KAFit-intro.mp4<\/a><\/video><\/div>\n<h3 class=\"\" data-start=\"305\" data-end=\"374\">Tun Sie Ihrem R\u00fccken etwas Gutes \u2013 ganz einfach von zu Hause aus!<\/h3>\n<p class=\"\" data-start=\"376\" data-end=\"652\">Der KAFit Online-R\u00fcckenkurs ist Ihr pers\u00f6nlicher Weg zu mehr St\u00e4rke, Beweglichkeit und Wohlbefinden. In nur 8 Wochen lernen Sie, wie Sie R\u00fcckenschmerzen vorbeugen, Ihre Haltung verbessern und mehr Stabilit\u00e4t in Ihren Alltag bringen \u2013 flexibel, fundiert und ohne Vorkenntnisse.<\/p>\n<p class=\"\" data-start=\"654\" data-end=\"876\">Egal ob im Homeoffice, am Schreibtisch oder unterwegs \u2013 mit diesem zertifizierten Pr\u00e4ventionskurs trainieren Sie genau dann, wenn es Ihnen passt. Schritt f\u00fcr Schritt, professionell angeleitet und wissenschaftlich fundiert.<\/p>\n<p class=\"\" data-start=\"878\" data-end=\"945\">Jetzt starten und R\u00fcckengesundheit aktiv selbst in die Hand nehmen!<\/p>","protected":false},"excerpt":{"rendered":"<p>Tun Sie Ihrem R\u00fccken etwas Gutes \u2013 ganz einfach von zu Hause aus! Der KAFit Online-R\u00fcckenkurs ist Ihr pers\u00f6nlicher Weg zu mehr St\u00e4rke, Beweglichkeit und Wohlbefinden. In nur 8 Wochen lernen Sie, wie Sie R\u00fcckenschmerzen vorbeugen, Ihre Haltung verbessern und mehr Stabilit\u00e4t in Ihren Alltag bringen \u2013 flexibel, fundiert und ohne Vorkenntnisse. Egal ob im [&hellip;]<\/p>\n","protected":false},"featured_media":1280,"template":"","meta":[],"product_brand":[],"product_cat":[30],"product_tag":[],"class_list":{"0":"post-1276","1":"product","2":"type-product","3":"status-publish","4":"has-post-thumbnail","6":"product_cat-uncategorised","8":"first","9":"instock","10":"shipping-taxable","11":"purchasable","12":"product-type-simple"},"jetpack_sharing_enabled":true,"_links":{"self":[{"href":"https:\/\/www.kafinstitute.com\/de\/wp-json\/wp\/v2\/product\/1276","targetHints":{"allow":["GET"]}}],"collection":[{"href":"https:\/\/www.kafinstitute.com\/de\/wp-json\/wp\/v2\/product"}],"about":[{"href":"https:\/\/www.kafinstitute.com\/de\/wp-json\/wp\/v2\/types\/product"}],"wp:featuredmedia":[{"embeddable":true,"href":"https:\/\/www.kafinstitute.com\/de\/wp-json\/wp\/v2\/media\/1280"}],"wp:attachment":[{"href":"https:\/\/www.kafinstitute.com\/de\/wp-json\/wp\/v2\/media?parent=1276"}],"wp:term":[{"taxonomy":"product_brand","embeddable":true,"href":"https:\/\/www.kafinstitute.com\/de\/wp-json\/wp\/v2\/product_brand?post=1276"},{"taxonomy":"product_cat","embeddable":true,"href":"https:\/\/www.kafinstitute.com\/de\/wp-json\/wp\/v2\/product_cat?post=1276"},{"taxonomy":"product_tag","embeddable":true,"href":"https:\/\/www.kafinstitute.com\/de\/wp-json\/wp\/v2\/product_tag?post=1276"}],"curies":[{"name":"wp","href":"https:\/\/api.w.org\/{rel}","templated":true}]}}